{"id":22,"date":"2024-09-30T16:08:29","date_gmt":"2024-09-30T14:08:29","guid":{"rendered":"https:\/\/pus-assekuranz.de\/?page_id=22"},"modified":"2025-10-24T14:06:24","modified_gmt":"2025-10-24T12:06:24","slug":"impressum","status":"publish","type":"page","link":"https:\/\/pus-assekuranz.de\/index.php\/impressum\/","title":{"rendered":"Impressum und Erstinformationen gem. 15 VersVermV"},"content":{"rendered":"\n<p><strong>Impressum und Erstinformationen gem. 15 VersVermV<\/strong><\/p>\n\n\n\n<p>P&amp;S Assekuranzvermittlung GmbH<\/p>\n\n\n\n<p>Herrengraben 3<\/p>\n\n\n\n<p>20459 Hamburg<\/p>\n\n\n\n<p>Tel.: +49 (40) 330708<\/p>\n\n\n\n<p>Fax: +49 (40) 338810<\/p>\n\n\n\n<p>E-Mail: <a href=\"mailto:info@pus-assekuranz.de\">info@pus-assekuranz.de<\/a><\/p>\n\n\n\n<p>Registergericht: Amtsgericht Hamburg, HRB 138725<\/p>\n\n\n\n<p>Gesch\u00e4ftsf\u00fchrer: Sven Wolter, Hauke Martinsen<\/p>\n\n\n\n<p>Vermittlerregister: D-05SV-IP51C-14<\/p>\n\n\n\n<p>Erlaubnis nach \u00a7 34 Abs. 1 GewO<\/p>\n\n\n\n<p>Aufsichtsbeh\u00f6rde: Handelskammer Hamburg, Adolphsplatz 1, 20457 Hamburg<\/p>\n\n\n\n<p>Gemeinsame Registerstelle gem. \u00a7 11a Abs. 1 GewO:<\/p>\n\n\n\n<p>Deutsche Industrie- und Handelskammer (DIHK) e.V., Breite Stra\u00dfe 29, 10178 Berlin<\/p>\n\n\n\n<p>Eintrag abrufbar unter: www.vermittlerregister.info<\/p>\n\n\n\n<p>Tel.: 0180 \u2013 600 58 50<\/p>\n\n\n\n<p>(Festnetzpreis 0,20\u20ac\/Anruf; Mobilfunkpreise maximal 0,60\u20ac\/Anruf)<\/p>\n\n\n\n<p>Mitglied der Industrie- und Handelskammer:<\/p>\n\n\n\n<p>Handelskammer Hamburg, Adolphsplatz 1, 20457 Hamburg<\/p>\n\n\n\n<p>Berufsbezeichnung: Versicherungsvertreter, Bundesrepublik Deutschland<\/p>\n\n\n\n<p>Berufsrechtliche Regelungen:<\/p>\n\n\n\n<p>\u00a7 34d GewO<\/p>\n\n\n\n<p>\u00a7\u00a7 59-68 VVG<\/p>\n\n\n\n<p>VersVermV<\/p>\n\n\n\n<p>Die berufsrechtlichen Regelungen k\u00f6nnen \u00fcber die vom Bundesministerium der Justiz und von der juris GmbH betriebene Homepage www.gesetze-im-internet.de eingesehen und abgerufen werden.<\/p>\n\n\n\n<p>Die P+S Assekuranzvermittlung GmbH besitzt weder direkte noch indirekte Beteiligungen von \u00fcber 10% an den Stimmrechten oder am Kapital eines Versicherungsunternehmens noch besitzen Versicherungsunternehmen oder Mutterunternehmen von Versicherungsunternehmen eine direkte oder indirekte Beteiligung von \u00fcber 10% an den Stimmrechten oder am Kapital der P+S Assekuranzvermittlung GmbH<\/p>\n\n\n\n<p>Die P+S Assekuranzvermittlung GmbH erh\u00e4lt eine Verg\u00fctung in Form einer Provision, die vom jeweils vertretenen Versicherungsunternehmen im Rahmen der bestehenden Agenturvertr\u00e4ge \u00fcbernommen wird.<\/p>\n\n\n\n<p>Sollten Sie Grund zur Beschwerde haben, k\u00f6nnen Sie diese in Textform an die Gesch\u00e4ftsleitung richten. Wir werden diese im Rahmen unseres Beschwerdemanagements unverz\u00fcglich bearbeiten.<\/p>\n\n\n\n<p>Bei Streitigkeiten zwischen Versicherungsvermittlern und Versicherungsnehmern k\u00f6nnen \u2013 auch im Sinne des \u00a7 36 VSBG folgende Schlichtungsstellen angerufen werden:<\/p>\n\n\n\n<p>Versicherungsombudsmann e.V.<\/p>\n\n\n\n<p>Postfach 08 06 32, 10006 Berlin<\/p>\n\n\n\n<p>www.versicherungsombudsmann.de<\/p>\n\n\n\n<p>Ombudsmann f\u00fcr Private Kranken- und Pflegeversicherung<\/p>\n\n\n\n<p>Postfach 06 02 22, 10052 Berlin<\/p>\n\n\n\n<p><a href=\"https:\/\/www.pkv-ombudsmann.de\">https:\/\/www.pkv-ombudsmann.de<\/a><\/p>\n\n\n\n<p>Dar\u00fcber hinaus haben Sie auch die M\u00f6glichkeit, die von der EU-Kommission eingerichtete Internetplattform zur Online-Beilegung von Streitigkeiten (&#8222;OS-Plattform&#8220;) zwischen Unternehmen und Verbrauchern zu nutzen. Diese ist erreichbar unter:<\/p>\n\n\n\n<p><a href=\"https:\/\/ec.europa.eu\/consumers\/odr\">https:\/\/ec.europa.eu\/consumers\/odr<\/a><\/p>\n\n\n\n<p><br>Eine Beratung und Vermittlung von Versicherungsanlageprodukten (IBIPs) im Sinne der Transparenzverordnung erfolgt nicht; damit einhergehende Informationspflichten entfallen.<\/p>\n\n\n\n<p><strong>Haftung f\u00fcr Inhalte<\/strong><\/p>\n\n\n\n<p>Als Diensteanbieter sind wir gem\u00e4\u00df \u00a7 7 Abs.1 TMG f\u00fcr eigene Inhalte auf diesen Seiten nach den allgemeinen Gesetzen verantwortlich. Nach \u00a7\u00a7 8 bis 10 TMG sind wir als Diensteanbieter jedoch nicht verpflichtet, \u00fcbermittelte oder gespeicherte fremde Informationen zu \u00fcberwachen oder nach Umst\u00e4nden zu forschen, die auf eine rechtswidrige T\u00e4tigkeit hinweisen.<\/p>\n\n\n\n<p>Verpflichtungen zur Entfernung oder Sperrung der Nutzung von Informationen nach den allgemeinen Gesetzen bleiben hiervon unber\u00fchrt. Eine diesbez\u00fcgliche Haftung ist jedoch erst ab dem Zeitpunkt der Kenntnis einer konkreten Rechtsverletzung m\u00f6glich. Bei Bekanntwerden von entsprechenden Rechtsverletzungen werden wir diese Inhalte umgehend entfernen.<br><br><\/p>\n\n\n\n<p><strong>Bildnachweise<\/strong><\/p>\n\n\n\n<p>Keine Bilder vorhanden<br><br><\/p>\n\n\n\n<p><strong>Haftung f\u00fcr Links<\/strong><\/p>\n\n\n\n<p>Unser Angebot enth\u00e4lt Links zu externen Webseiten Dritter, auf deren Inhalte wir keinen Einfluss haben. Deshalb k\u00f6nnen wir f\u00fcr diese fremden Inhalte auch keine Gew\u00e4hr \u00fcbernehmen. F\u00fcr die Inhalte der verlinkten Seiten ist stets der jeweilige Anbieter oder Betreiber der Seiten verantwortlich. Die verlinkten Seiten wurden zum Zeitpunkt der Verlinkung auf m\u00f6gliche Rechtsverst\u00f6\u00dfe \u00fcberpr\u00fcft. Rechtswidrige Inhalte waren zum Zeitpunkt der Verlinkung nicht erkennbar. Eine permanente inhaltliche Kontrolle der verlinkten Seiten ist jedoch ohne konkrete Anhaltspunkte einer Rechtsverletzung nicht zumutbar. Bei bekannt werden von Rechtsverletzungen werden wir derartige Links umgehend entfernen.<\/p>\n\n\n\n<p><br><strong>Urheberrecht<\/strong><\/p>\n\n\n\n<p>Die durch die Seitenbetreiber erstellten Inhalte und Werke auf diesen Seiten unterliegen dem deutschen Urheberrecht. Die Vervielf\u00e4ltigung, Bearbeitung, Verbreitung und jede Art der Verwertung au\u00dferhalb der Grenzen des Urheberrechtes bed\u00fcrfen der schriftlichen Zustimmung des jeweiligen Autors bzw. Erstellers. Downloads und Kopien dieser Seite sind nur f\u00fcr den privaten, nicht kommerziellen Gebrauch gestattet.<\/p>\n\n\n\n<p>Soweit die Inhalte auf dieser Seite nicht vom Betreiber erstellt wurden, werden die Urheberrechte Dritter beachtet. Insbesondere werden Inhalte Dritter als solche gekennzeichnet. Sollten Sie trotzdem auf eine Urheberrechtsverletzung aufmerksam werden, bitten wir um einen entsprechenden Hinweis. Bei Bekanntwerden von Rechtsverletzungen werden wir derartige Inhalte umgehend entfernen.<\/p>\n","protected":false},"excerpt":{"rendered":"<p>Impressum und Erstinformationen gem. 15 VersVermV P&amp;S Assekuranzvermittlung GmbH Herrengraben 3 20459 Hamburg Tel.: +49 (40) 330708 Fax: +49 (40) 338810 E-Mail: info@pus-assekuranz.de Registergericht: Amtsgericht Hamburg, HRB 138725 Gesch\u00e4ftsf\u00fchrer: Sven Wolter, Hauke Martinsen Vermittlerregister: D-05SV-IP51C-14 Erlaubnis nach \u00a7 34 Abs. 1 GewO Aufsichtsbeh\u00f6rde: Handelskammer Hamburg, Adolphsplatz 1, 20457 Hamburg Gemeinsame Registerstelle gem. \u00a7 11a Abs. [&hellip;]<\/p>\n","protected":false},"author":1,"featured_media":0,"parent":0,"menu_order":0,"comment_status":"closed","ping_status":"closed","template":"","meta":{"footnotes":""},"class_list":["post-22","page","type-page","status-publish","hentry"],"_links":{"self":[{"href":"https:\/\/pus-assekuranz.de\/index.php\/wp-json\/wp\/v2\/pages\/22","targetHints":{"allow":["GET"]}}],"collection":[{"href":"https:\/\/pus-assekuranz.de\/index.php\/wp-json\/wp\/v2\/pages"}],"about":[{"href":"https:\/\/pus-assekuranz.de\/index.php\/wp-json\/wp\/v2\/types\/page"}],"author":[{"embeddable":true,"href":"https:\/\/pus-assekuranz.de\/index.php\/wp-json\/wp\/v2\/users\/1"}],"replies":[{"embeddable":true,"href":"https:\/\/pus-assekuranz.de\/index.php\/wp-json\/wp\/v2\/comments?post=22"}],"version-history":[{"count":5,"href":"https:\/\/pus-assekuranz.de\/index.php\/wp-json\/wp\/v2\/pages\/22\/revisions"}],"predecessor-version":[{"id":53,"href":"https:\/\/pus-assekuranz.de\/index.php\/wp-json\/wp\/v2\/pages\/22\/revisions\/53"}],"wp:attachment":[{"href":"https:\/\/pus-assekuranz.de\/index.php\/wp-json\/wp\/v2\/media?parent=22"}],"curies":[{"name":"wp","href":"https:\/\/api.w.org\/{rel}","templated":true}]}}